{"id":110,"date":"2023-05-26T20:47:22","date_gmt":"2023-05-26T18:47:22","guid":{"rendered":"https:\/\/wp1068517.server-he.de\/wordpress\/?page_id=110"},"modified":"2023-05-31T13:04:48","modified_gmt":"2023-05-31T11:04:48","slug":"preise","status":"publish","type":"page","link":"https:\/\/klang-baesch.de\/?page_id=110","title":{"rendered":"Preise"},"content":{"rendered":"\n<p class=\"has-large-font-size\">Sie erhalten Qualit\u00e4t<\/p>\n\n\n\n<p>&nbsp;<strong>Entspannungstherapeutin<\/strong>&nbsp;&nbsp;Dipl.Sozialp\u00e4dagogin FH K\u00f6ln, <\/p>\n\n\n\n<p>                                                                             Trauerbegleiterin&nbsp;BVT,&nbsp;&nbsp;Traumaberaterin&nbsp;Dipt\/Uni K\u00f6ln<\/p>\n\n\n\n<div class=\"wp-block-group alignfull has-background is-layout-constrained wp-container-core-group-is-layout-a4e63d72 wp-block-group-is-layout-constrained\" style=\"background-color:#ffbb4f;margin-top:0px;padding-top:4vw;padding-right:4vw;padding-bottom:4vw;padding-left:4vw\">\n<h2 class=\"wp-block-heading has-text-align-center\" style=\"margin-bottom:3vw\">in allen Arbeitsbereichen<\/h2>\n\n\n\n<div class=\"wp-block-columns alignwide is-layout-flex wp-container-core-columns-is-layout-828b44bc wp-block-columns-is-layout-flex\">\n<div class=\"wp-block-column is-layout-flow wp-block-column-is-layout-flow\">\n<figure class=\"wp-block-gallery has-nested-images columns-default is-cropped wp-block-gallery-1 is-layout-flex wp-block-gallery-is-layout-flex\">\n<figure class=\"wp-block-image size-full is-style-default\"><img loading=\"lazy\" decoding=\"async\" width=\"138\" height=\"83\" data-id=\"338\" src=\"https:\/\/klang-baesch.de\/wp-content\/uploads\/2023\/05\/4978fbed-23df-40a1-9c33-2cb6ed209b5c-1-6.png\" alt=\"\" class=\"wp-image-338\"\/><\/figure>\n<\/figure>\n\n\n\n<p>in der Entspannung<\/p>\n\n\n\n<ul class=\"wp-block-social-links has-small-icon-size has-icon-color is-style-logos-only is-layout-flex wp-container-core-social-links-is-layout-41ae6d3b wp-block-social-links-is-layout-flex\" style=\"margin-top:8px\"><li style=\"color:#000000;\" class=\"wp-social-link wp-social-link-mail has-black-color wp-block-social-link\"><a href=\"mailto:\/\/example@email.com\" class=\"wp-block-social-link-anchor\"><svg width=\"24\" height=\"24\" viewBox=\"0 0 24 24\" version=\"1.1\" xmlns=\"http:\/\/www.w3.org\/2000\/svg\" aria-hidden=\"true\" focusable=\"false\"><path d=\"M19,5H5c-1.1,0-2,.9-2,2v10c0,1.1.9,2,2,2h14c1.1,0,2-.9,2-2V7c0-1.1-.9-2-2-2zm.5,12c0,.3-.2.5-.5.5H5c-.3,0-.5-.2-.5-.5V9.8l7.5,5.6,7.5-5.6V17zm0-9.1L12,13.6,4.5,7.9V7c0-.3.2-.5.5-.5h14c.3,0,.5.2.5.5v.9z\"><\/path><\/svg><span class=\"wp-block-social-link-label screen-reader-text\">E-Mail<\/span><\/a><\/li><\/ul>\n<\/div>\n\n\n\n<div class=\"wp-block-column is-layout-flow wp-block-column-is-layout-flow\">\n<figure class=\"wp-block-image size-full is-resized is-style-default\"><img loading=\"lazy\" decoding=\"async\" src=\"https:\/\/klang-baesch.de\/wp-content\/uploads\/2023\/05\/Unbenannt-IV-7.png\" alt=\"\" class=\"wp-image-225\" width=\"196\" height=\"320\"\/><\/figure>\n\n\n\n<p>im Gespr\u00e4ch<\/p>\n<\/div>\n\n\n\n<div class=\"wp-block-column is-layout-flow wp-block-column-is-layout-flow\">\n<figure class=\"wp-block-image size-large\"><img loading=\"lazy\" decoding=\"async\" width=\"1024\" height=\"768\" src=\"https:\/\/klang-baesch.de\/wp-content\/uploads\/2023\/05\/IMG_1532-Kopie-1024x768.jpg\" alt=\"\" class=\"wp-image-223\" srcset=\"https:\/\/klang-baesch.de\/wp-content\/uploads\/2023\/05\/IMG_1532-Kopie-1024x768.jpg 1024w, https:\/\/klang-baesch.de\/wp-content\/uploads\/2023\/05\/IMG_1532-Kopie-300x225.jpg 300w, https:\/\/klang-baesch.de\/wp-content\/uploads\/2023\/05\/IMG_1532-Kopie-768x576.jpg 768w, https:\/\/klang-baesch.de\/wp-content\/uploads\/2023\/05\/IMG_1532-Kopie-1536x1152.jpg 1536w, https:\/\/klang-baesch.de\/wp-content\/uploads\/2023\/05\/IMG_1532-Kopie-2048x1536.jpg 2048w, https:\/\/klang-baesch.de\/wp-content\/uploads\/2023\/05\/IMG_1532-Kopie-1020x765.jpg 1020w\" sizes=\"auto, (max-width: 1024px) 100vw, 1024px\" \/><\/figure>\n\n\n\n<ul class=\"wp-block-social-links has-small-icon-size has-icon-color is-style-logos-only is-layout-flex wp-container-core-social-links-is-layout-41ae6d3b wp-block-social-links-is-layout-flex\" style=\"margin-top:8px\"><li style=\"color:#000000;\" class=\"wp-social-link wp-social-link-mail has-black-color wp-block-social-link\"><a href=\"mailto:\/\/example@email.com\" class=\"wp-block-social-link-anchor\"><svg width=\"24\" height=\"24\" viewBox=\"0 0 24 24\" version=\"1.1\" xmlns=\"http:\/\/www.w3.org\/2000\/svg\" aria-hidden=\"true\" focusable=\"false\"><path d=\"M19,5H5c-1.1,0-2,.9-2,2v10c0,1.1.9,2,2,2h14c1.1,0,2-.9,2-2V7c0-1.1-.9-2-2-2zm.5,12c0,.3-.2.5-.5.5H5c-.3,0-.5-.2-.5-.5V9.8l7.5,5.6,7.5-5.6V17zm0-9.1L12,13.6,4.5,7.9V7c0-.3.2-.5.5-.5h14c.3,0,.5.2.5.5v.9z\"><\/path><\/svg><span class=\"wp-block-social-link-label screen-reader-text\">E-Mail<\/span><\/a><\/li><\/ul>\n\n\n\n<p>in Lebens- Krisen<\/p>\n<\/div>\n<\/div>\n<\/div>\n\n\n\n<div class=\"wp-block-group alignfull has-white-color has-secondary-background-color has-text-color has-background has-x-small-font-size is-layout-constrained wp-container-core-group-is-layout-2b508e44 wp-block-group-is-layout-constrained\" style=\"margin-top:0px;padding-top:4vw;padding-right:4vw;padding-bottom:4vw;padding-left:4vw\">\n<h2 class=\"wp-block-heading has-text-align-left has-xx-large-font-size\">Preise:    <\/h2>\n\n\n\n<h1 class=\"wp-block-heading has-text-align-left has-small-font-size\" style=\"font-style:normal;font-weight:100\"><p class=\"has-small-font-size\"><span style=\"color: revert; font-family: var(--wp--preset--font-family--libre-franklin);\"><strong>Klangschalenentspannung \/ Reiki <\/strong>                                                                35,-\u20ac \/ Std.    <\/span>Geschenkgutscheine zu allen Gelegenheiten hier erh\u00e4ltlich             35,- \u20ac \/ Std. <\/p><\/h1>\n\n\n\n<p class=\"has-tiny-font-size\">In Siegburg und Winterscheid. <\/p>\n\n\n\n<p class=\"has-small-font-size\"><strong>AT und Resilienz, <\/strong> 8 Termine, 95,- \u20ac \/ Kurs,  <strong>PMR  <\/strong>bei 10 Termine 75,- \u20ac \/ Kurs<\/p>\n\n\n\n<h1 class=\"wp-block-heading has-text-align-left has-tiny-font-size\" style=\"font-style:normal;font-weight:100\">In Siegburg und Winterscheid. <\/h1>\n\n\n\n<h1 class=\"wp-block-heading has-text-align-left has-tiny-font-size\" style=\"font-style:normal;font-weight:100\">Ich bin bei den Krankenkassen zertifiziert f\u00fcr meine Gruppenangebote, Sie k\u00f6nnen vor Teilnahme einen Zuschuss bei Ihrer KK beantragen.    <\/h1>\n\n\n\n<p class=\"has-small-font-size\"><strong>Krisenbegleitung \/ Trauerbegleitung<\/strong>, einzeln 35,-\u20ac \/ Std.<\/p>\n\n\n\n<p class=\"has-tiny-font-size\">In  Winterscheid. <\/p>\n\n\n\n<p class=\"has-small-font-size\"><strong>Gespr\u00e4chskreis<\/strong>  f\u00fcr Trauernde  1x im Monat, kostenfrei<\/p>\n\n\n\n<p class=\"has-tiny-font-size\">In Siegburg . <\/p>\n\n\n\n<p class=\"has-small-font-size\"><strong>Praxis<\/strong> Sonare: 53809 Ruppichteroth- Winterscheid, 10 Autominuten hinter Hennef<\/p>\n\n\n\n<div class=\"wp-block-buttons is-content-justification-center is-layout-flex wp-container-core-buttons-is-layout-a89b3969 wp-block-buttons-is-layout-flex\">\n<div class=\"wp-block-button is-style-outline is-style-outline--2\"><a class=\"wp-block-button__link has-white-color has-text-color wp-element-button\">Telefon: 02247-900 13 65<\/a><\/div>\n\n\n\n<div class=\"wp-block-button is-style-outline is-style-outline--3\"><a class=\"wp-block-button__link has-white-color has-text-color wp-element-button\" href=\"mailto:sonare-baesch@t-online.de\">E-Mail: sonare-baesch@t-online.<\/a><\/div>\n<\/div>\n<\/div>\n","protected":false},"excerpt":{"rendered":"<p>Sie erhalten Qualit\u00e4t &nbsp;Entspannungstherapeutin&nbsp;&nbsp;Dipl.Sozialp\u00e4dagogin FH K\u00f6ln, Trauerbegleiterin&nbsp;BVT,&nbsp;&nbsp;Traumaberaterin&nbsp;Dipt\/Uni K\u00f6ln in allen Arbeitsbereichen in der Entspannung im Gespr\u00e4ch in Lebens- Krisen<\/p>\n","protected":false},"author":1,"featured_media":0,"parent":0,"menu_order":5,"comment_status":"closed","ping_status":"closed","template":"","meta":{"footnotes":""},"class_list":["post-110","page","type-page","status-publish","hentry"],"_links":{"self":[{"href":"https:\/\/klang-baesch.de\/index.php?rest_route=\/wp\/v2\/pages\/110","targetHints":{"allow":["GET"]}}],"collection":[{"href":"https:\/\/klang-baesch.de\/index.php?rest_route=\/wp\/v2\/pages"}],"about":[{"href":"https:\/\/klang-baesch.de\/index.php?rest_route=\/wp\/v2\/types\/page"}],"author":[{"embeddable":true,"href":"https:\/\/klang-baesch.de\/index.php?rest_route=\/wp\/v2\/users\/1"}],"replies":[{"embeddable":true,"href":"https:\/\/klang-baesch.de\/index.php?rest_route=%2Fwp%2Fv2%2Fcomments&post=110"}],"version-history":[{"count":13,"href":"https:\/\/klang-baesch.de\/index.php?rest_route=\/wp\/v2\/pages\/110\/revisions"}],"predecessor-version":[{"id":339,"href":"https:\/\/klang-baesch.de\/index.php?rest_route=\/wp\/v2\/pages\/110\/revisions\/339"}],"wp:attachment":[{"href":"https:\/\/klang-baesch.de\/index.php?rest_route=%2Fwp%2Fv2%2Fmedia&parent=110"}],"curies":[{"name":"wp","href":"https:\/\/api.w.org\/{rel}","templated":true}]}}