{"id":43,"date":"2023-05-25T11:47:36","date_gmt":"2023-05-25T09:47:36","guid":{"rendered":"https:\/\/wp1068517.server-he.de\/wordpress\/?page_id=43"},"modified":"2023-06-01T12:03:29","modified_gmt":"2023-06-01T10:03:29","slug":"klangentspannung-und-reiki","status":"publish","type":"page","link":"https:\/\/klang-baesch.de\/?page_id=43","title":{"rendered":"Klangentspannung und Reiki &#8211;  Einzelangebote"},"content":{"rendered":"\n<p class=\"has-small-font-size\">dienen der passiven Entspannung und bedeuten jeweils eine Stunde ganz f\u00fcr Sie allein.&nbsp;<\/p>\n\n\n\n<div class=\"wp-block-group is-layout-constrained wp-block-group-is-layout-constrained\">\n<div class=\"wp-block-columns is-layout-flex wp-container-core-columns-is-layout-d7d455e7 wp-block-columns-is-layout-flex\" style=\"padding-top:0;padding-right:0;padding-bottom:0;padding-left:0\">\n<div class=\"wp-block-column is-layout-flow wp-block-column-is-layout-flow\">\n<div class=\"wp-block-group alignfull has-white-color has-text-color has-background is-nowrap is-layout-flex wp-container-core-group-is-layout-3d527570 wp-block-group-is-layout-flex\" style=\"background:linear-gradient(166deg,rgba(252,185,0,1) 0%,rgba(255,105,0,1) 100%);margin-top:0px;padding-top:4vw;padding-right:4vw;padding-bottom:4vw;padding-left:4vw\">\n<div class=\"wp-block-group is-layout-constrained wp-block-group-is-layout-constrained\">\n<div class=\"wp-block-columns is-layout-flex wp-container-core-columns-is-layout-28f84493 wp-block-columns-is-layout-flex\">\n<div class=\"wp-block-column is-layout-flow wp-block-column-is-layout-flow\">\n<h4 class=\"wp-block-heading has-secondary-color has-text-color\">Klangschalenmassage<\/h4>\n\n\n\n<p> <\/p>\n\n\n\n<div class=\"wp-block-columns is-layout-flex wp-container-core-columns-is-layout-28f84493 wp-block-columns-is-layout-flex\">\n<div class=\"wp-block-column is-layout-flow wp-block-column-is-layout-flow\">\n<figure class=\"wp-block-image size-large is-resized\"><img decoding=\"async\" src=\"https:\/\/klang-baesch.de\/wp-content\/uploads\/2023\/05\/7e89a5ed-81d2-493a-add2-6f1c2e30f414-2-edited.jpeg\" alt=\"\" class=\"wp-image-174\" width=\"135\" srcset=\"https:\/\/klang-baesch.de\/wp-content\/uploads\/2023\/05\/7e89a5ed-81d2-493a-add2-6f1c2e30f414-2-edited.jpeg 2024w, https:\/\/klang-baesch.de\/wp-content\/uploads\/2023\/05\/7e89a5ed-81d2-493a-add2-6f1c2e30f414-2-edited-300x225.jpeg 300w, https:\/\/klang-baesch.de\/wp-content\/uploads\/2023\/05\/7e89a5ed-81d2-493a-add2-6f1c2e30f414-2-edited-1024x769.jpeg 1024w, https:\/\/klang-baesch.de\/wp-content\/uploads\/2023\/05\/7e89a5ed-81d2-493a-add2-6f1c2e30f414-2-edited-768x576.jpeg 768w, https:\/\/klang-baesch.de\/wp-content\/uploads\/2023\/05\/7e89a5ed-81d2-493a-add2-6f1c2e30f414-2-edited-1536x1153.jpeg 1536w, https:\/\/klang-baesch.de\/wp-content\/uploads\/2023\/05\/7e89a5ed-81d2-493a-add2-6f1c2e30f414-2-edited-1019x765.jpeg 1019w\" sizes=\"(max-width: 2024px) 100vw, 2024px\" \/><\/figure>\n<\/div>\n\n\n\n<div class=\"wp-block-column is-layout-flow wp-block-column-is-layout-flow\">\n<figure class=\"wp-block-image size-full is-resized\"><img decoding=\"async\" src=\"https:\/\/klang-baesch.de\/wp-content\/uploads\/2023\/05\/4978fbed-23df-40a1-9c33-2cb6ed209b5c-1-4-edited.png\" alt=\"\" class=\"wp-image-176\" width=\"175\"\/><\/figure>\n<\/div>\n\n\n\n<div class=\"wp-block-column is-layout-flow wp-block-column-is-layout-flow\">\n<figure class=\"wp-block-image size-large is-resized\"><img decoding=\"async\" src=\"https:\/\/klang-baesch.de\/wp-content\/uploads\/2023\/05\/ca3b38b4-97f8-49fd-8e62-3dae3bbaddb8-2-edited.jpeg\" alt=\"\" class=\"wp-image-175\" width=\"148\" srcset=\"https:\/\/klang-baesch.de\/wp-content\/uploads\/2023\/05\/ca3b38b4-97f8-49fd-8e62-3dae3bbaddb8-2-edited.jpeg 1134w, https:\/\/klang-baesch.de\/wp-content\/uploads\/2023\/05\/ca3b38b4-97f8-49fd-8e62-3dae3bbaddb8-2-edited-300x225.jpeg 300w, https:\/\/klang-baesch.de\/wp-content\/uploads\/2023\/05\/ca3b38b4-97f8-49fd-8e62-3dae3bbaddb8-2-edited-1024x768.jpeg 1024w, https:\/\/klang-baesch.de\/wp-content\/uploads\/2023\/05\/ca3b38b4-97f8-49fd-8e62-3dae3bbaddb8-2-edited-768x576.jpeg 768w, https:\/\/klang-baesch.de\/wp-content\/uploads\/2023\/05\/ca3b38b4-97f8-49fd-8e62-3dae3bbaddb8-2-edited-1019x765.jpeg 1019w\" sizes=\"(max-width: 1134px) 100vw, 1134px\" \/><\/figure>\n<\/div>\n<\/div>\n\n\n\n<h6 class=\"wp-block-heading has-secondary-color has-text-color\">zulassen<\/h6>\n\n\n\n<p class=\"has-secondary-color has-text-color has-small-font-size\">T\u00f6ne und&nbsp;Klangwellen, die sich in der tiefliegenden Muskulatur weiter&nbsp; fortf\u00fchren,&nbsp;versetzen uns in einen Zustand der Tiefenentspannung.&nbsp;<br>Unsere Schwingungsf\u00e4higkeit wird positiv beeinflusst, im Stress angesammelte Sorgen,&nbsp;Un\u00adsicherheiten und Blockaden k\u00f6nnen sich l\u00f6sen, K\u00f6rper &amp; Geist finden Gelegenheit zur Neuorientierung<\/p>\n\n\n\n<p class=\"has-secondary-color has-text-color\"><strong>sich einlassen<\/strong><\/p>\n<\/div>\n<\/div>\n\n\n\n<div class=\"wp-block-group is-vertical is-layout-flex wp-container-core-group-is-layout-fe9cc265 wp-block-group-is-layout-flex\">\n<p class=\"has-secondary-color has-text-color has-small-font-size\">Die innere Ausgeglichenheit, unsere Harmonie ist viel\u00adf\u00e4ltig bedroht durch allt\u00e4glichen Stress. Hier setzt diese Entspannungsmethode an: In einer ruhigen Atmosph\u00e4re werden Klangschalen an verschiedenen Stellen des bekleideten K\u00f6rpers aufgesetzt und sanft angeschlagen &nbsp;z.B. auf Brustkorb, R\u00fccken, H\u00e4nde.<\/p>\n<\/div>\n<\/div>\n<\/div>\n<\/div>\n<\/div>\n\n\n\n<div class=\"wp-block-group alignfull is-layout-constrained wp-block-group-is-layout-constrained\">\n<div class=\"wp-block-group alignfull has-white-color has-text-color has-background is-vertical is-content-justification-stretch is-layout-flex wp-container-core-group-is-layout-74378451 wp-block-group-is-layout-flex\" style=\"background:linear-gradient(135deg,rgb(31,48,99) 14%,rgb(63,92,156) 51%,rgb(61,107,0) 99%);margin-top:0px;padding-top:4vw;padding-right:4vw;padding-bottom:4vw;padding-left:4vw\">\n<h3 class=\"wp-block-heading\">Reiki<\/h3>\n\n\n\n<div class=\"wp-block-columns is-layout-flex wp-container-core-columns-is-layout-28f84493 wp-block-columns-is-layout-flex\">\n<div class=\"wp-block-column is-layout-flow wp-block-column-is-layout-flow\">\n<figure class=\"wp-block-image alignleft size-large is-resized is-style-rounded\"><img loading=\"lazy\" decoding=\"async\" src=\"https:\/\/klang-baesch.de\/wp-content\/uploads\/2023\/05\/f5972669-7b23-403b-8034-e994b4e469ab-2-768x1024.jpeg\" alt=\"\" class=\"wp-image-186\" width=\"283\" height=\"374\"\/><\/figure>\n\n\n\n<p><\/p>\n\n\n\n<p><\/p>\n\n\n\n<p><\/p>\n\n\n\n<p class=\"has-text-align-right has-small-font-size\">  Rei = universell &nbsp; &nbsp; Ki = Lebensenergie <\/p>\n\n\n\n<p class=\"has-text-align-right has-small-font-size\"> Reiki ist ein System zur Selbstheilung,  entwickelt&nbsp; von   Mikao Usui, einem Japaner und  buddhistischen Gelehrten.<\/p>\n<\/div>\n<\/div>\n\n\n\n<div class=\"wp-block-group is-layout-constrained wp-block-group-is-layout-constrained\">\n<div class=\"wp-block-columns is-layout-flex wp-container-core-columns-is-layout-28f84493 wp-block-columns-is-layout-flex\">\n<div class=\"wp-block-column is-layout-flow wp-block-column-is-layout-flow\" style=\"flex-basis:33.33%\"><\/div>\n<\/div>\n<\/div>\n\n\n\n<p><\/p>\n\n\n\n<p class=\"has-small-font-size\">Nutzen Sie die M\u00f6glichkeiten des Reiki,&nbsp;um K\u00f6rper, Geist und Seele im Gleichgewicht      zu halten   und Ihre Selbstheilungskr\u00e4fte zu stabilisieren.                                                                                          <\/p>\n\n\n\n<p class=\"has-small-font-size\">Reiki spendet Energie, die unseren Vorrat wieder auff\u00fcllt.<br>Reiki flie\u00dft \u00fcber die H\u00e4nde durch den K\u00f6rper und bewirkt sofortige&nbsp;wohltuende Entspannung.<\/p>\n\n\n\n<p class=\"has-small-font-size\"><br>Reiki verst\u00e4rkt unsere Liebe und Selbstliebe,<br>unsere Kreativit\u00e4t, Intuition und Lebenslust.<\/p>\n<\/div>\n<\/div>\n\n\n\n<div class=\"wp-block-columns is-layout-flex wp-container-core-columns-is-layout-28f84493 wp-block-columns-is-layout-flex\">\n<div class=\"wp-block-column is-layout-flow wp-block-column-is-layout-flow\">\n<div class=\"wp-block-group alignfull has-white-color has-secondary-background-color has-text-color has-background is-layout-constrained wp-container-core-group-is-layout-2b508e44 wp-block-group-is-layout-constrained\" style=\"margin-top:0px;padding-top:4vw;padding-right:4vw;padding-bottom:4vw;padding-left:4vw\">\n<h6 class=\"wp-block-heading\">Preise <strong>f\u00fcr Einzelsitzungen \/ Gutschein<\/strong>: <\/h6>\n\n\n\n<p>Klangschalenentspannung \/ Reiki je 35,-\u20ac \/ Std. <\/p>\n\n\n\n<p>Geschenkgutscheine zu allen Gelegenheiten 35,-\u20ac<\/p>\n\n\n\n<div class=\"wp-block-buttons is-layout-flex wp-block-buttons-is-layout-flex\">\n<div class=\"wp-block-button is-style-outline is-style-outline--1\"><a class=\"wp-block-button__link has-white-color has-text-color wp-element-button\">Telefon: 02247-900 13 65<\/a><\/div>\n\n\n\n<div class=\"wp-block-button is-style-outline is-style-outline--2\"><a class=\"wp-block-button__link has-white-color has-text-color wp-element-button\" href=\"mailto:sonare-baesch@t-online.de\">E-Mail: sonare-baesch@t-online.de<\/a><\/div>\n<\/div>\n<\/div>\n<\/div>\n<\/div>\n<\/div>\n","protected":false},"excerpt":{"rendered":"<p>dienen der passiven Entspannung und bedeuten jeweils eine Stunde ganz f\u00fcr Sie allein.&nbsp; Klangschalenmassage zulassen T\u00f6ne und&nbsp;Klangwellen, die sich in der tiefliegenden Muskulatur weiter&nbsp; fortf\u00fchren,&nbsp;versetzen uns in einen Zustand der Tiefenentspannung.&nbsp;Unsere Schwingungsf\u00e4higkeit wird positiv beeinflusst, im Stress angesammelte Sorgen,&nbsp;Un\u00adsicherheiten und Blockaden k\u00f6nnen [&hellip;]<\/p>\n","protected":false},"author":1,"featured_media":0,"parent":0,"menu_order":2,"comment_status":"closed","ping_status":"closed","template":"","meta":{"footnotes":""},"class_list":["post-43","page","type-page","status-publish","hentry"],"_links":{"self":[{"href":"https:\/\/klang-baesch.de\/index.php?rest_route=\/wp\/v2\/pages\/43","targetHints":{"allow":["GET"]}}],"collection":[{"href":"https:\/\/klang-baesch.de\/index.php?rest_route=\/wp\/v2\/pages"}],"about":[{"href":"https:\/\/klang-baesch.de\/index.php?rest_route=\/wp\/v2\/types\/page"}],"author":[{"embeddable":true,"href":"https:\/\/klang-baesch.de\/index.php?rest_route=\/wp\/v2\/users\/1"}],"replies":[{"embeddable":true,"href":"https:\/\/klang-baesch.de\/index.php?rest_route=%2Fwp%2Fv2%2Fcomments&post=43"}],"version-history":[{"count":25,"href":"https:\/\/klang-baesch.de\/index.php?rest_route=\/wp\/v2\/pages\/43\/revisions"}],"predecessor-version":[{"id":329,"href":"https:\/\/klang-baesch.de\/index.php?rest_route=\/wp\/v2\/pages\/43\/revisions\/329"}],"wp:attachment":[{"href":"https:\/\/klang-baesch.de\/index.php?rest_route=%2Fwp%2Fv2%2Fmedia&parent=43"}],"curies":[{"name":"wp","href":"https:\/\/api.w.org\/{rel}","templated":true}]}}