{"id":72,"date":"2023-05-25T19:25:41","date_gmt":"2023-05-25T17:25:41","guid":{"rendered":"https:\/\/wp1068517.server-he.de\/wordpress\/?page_id=72"},"modified":"2023-06-01T12:08:29","modified_gmt":"2023-06-01T10:08:29","slug":"hilfe-in-krisen","status":"publish","type":"page","link":"https:\/\/klang-baesch.de\/?page_id=72","title":{"rendered":"Hilfe in Krisen"},"content":{"rendered":"\n<div class=\"wp-block-group alignfull has-white-color has-text-color has-background is-layout-constrained wp-container-core-group-is-layout-2b508e44 wp-block-group-is-layout-constrained\" style=\"background:linear-gradient(135deg,rgb(31,48,99) 14%,rgb(63,92,156) 51%,rgb(61,107,0) 99%);margin-top:0px;padding-top:4vw;padding-right:4vw;padding-bottom:4vw;padding-left:4vw\">\n<figure class=\"wp-block-gallery aligncenter has-nested-images columns-default is-cropped wp-block-gallery-1 is-layout-flex wp-block-gallery-is-layout-flex\">\n<figure class=\"wp-block-image size-large is-resized\"><img loading=\"lazy\" decoding=\"async\" data-id=\"73\" src=\"https:\/\/klang-baesch.de\/wp-content\/uploads\/2023\/05\/image-768x1024.png\" alt=\"\" class=\"wp-image-73\" width=\"175\" height=\"233\" srcset=\"https:\/\/klang-baesch.de\/wp-content\/uploads\/2023\/05\/image-768x1024.png 768w, https:\/\/klang-baesch.de\/wp-content\/uploads\/2023\/05\/image-225x300.png 225w, https:\/\/klang-baesch.de\/wp-content\/uploads\/2023\/05\/image-1152x1536.png 1152w, https:\/\/klang-baesch.de\/wp-content\/uploads\/2023\/05\/image-1536x2048.png 1536w, https:\/\/klang-baesch.de\/wp-content\/uploads\/2023\/05\/image-574x765.png 574w\" sizes=\"auto, (max-width: 175px) 100vw, 175px\" \/><\/figure>\n\n\n\n<figure class=\"wp-block-image size-large is-resized\"><img loading=\"lazy\" decoding=\"async\" data-id=\"74\" src=\"https:\/\/klang-baesch.de\/wp-content\/uploads\/2023\/05\/image-1-1024x713.png\" alt=\"\" class=\"wp-image-74\" width=\"227\" height=\"158\" srcset=\"https:\/\/klang-baesch.de\/wp-content\/uploads\/2023\/05\/image-1-1024x713.png 1024w, https:\/\/klang-baesch.de\/wp-content\/uploads\/2023\/05\/image-1-300x209.png 300w, https:\/\/klang-baesch.de\/wp-content\/uploads\/2023\/05\/image-1-768x535.png 768w, https:\/\/klang-baesch.de\/wp-content\/uploads\/2023\/05\/image-1-1536x1070.png 1536w, https:\/\/klang-baesch.de\/wp-content\/uploads\/2023\/05\/image-1-2048x1427.png 2048w, https:\/\/klang-baesch.de\/wp-content\/uploads\/2023\/05\/image-1-1098x765.png 1098w\" sizes=\"auto, (max-width: 227px) 100vw, 227px\" \/><\/figure>\n\n\n\n<figure class=\"wp-block-image alignright size-large\"><img loading=\"lazy\" decoding=\"async\" width=\"1024\" height=\"983\" data-id=\"112\" src=\"https:\/\/klang-baesch.de\/wp-content\/uploads\/2023\/05\/9085d407-0d6e-44ed-90c3-1026728cd858-2-1024x983.jpg\" alt=\"\" class=\"wp-image-112\" srcset=\"https:\/\/klang-baesch.de\/wp-content\/uploads\/2023\/05\/9085d407-0d6e-44ed-90c3-1026728cd858-2-1024x983.jpg 1024w, https:\/\/klang-baesch.de\/wp-content\/uploads\/2023\/05\/9085d407-0d6e-44ed-90c3-1026728cd858-2-300x288.jpg 300w, https:\/\/klang-baesch.de\/wp-content\/uploads\/2023\/05\/9085d407-0d6e-44ed-90c3-1026728cd858-2-768x737.jpg 768w, https:\/\/klang-baesch.de\/wp-content\/uploads\/2023\/05\/9085d407-0d6e-44ed-90c3-1026728cd858-2-797x765.jpg 797w, https:\/\/klang-baesch.de\/wp-content\/uploads\/2023\/05\/9085d407-0d6e-44ed-90c3-1026728cd858-2.jpg 1128w\" sizes=\"auto, (max-width: 1024px) 100vw, 1024px\" \/><\/figure>\n<\/figure>\n\n\n\n<div class=\"wp-block-columns is-layout-flex wp-container-core-columns-is-layout-28f84493 wp-block-columns-is-layout-flex\">\n<div class=\"wp-block-column is-layout-flow wp-block-column-is-layout-flow\" style=\"flex-basis:33.34%\">\n<p><\/p>\n\n\n\n<h6 class=\"wp-block-heading has-text-align-left has-medium-font-size\" style=\"font-style:normal;font-weight:100\">Ver\u00e4nderung  <\/h6>\n<\/div>\n\n\n\n<div class=\"wp-block-column is-layout-flow wp-block-column-is-layout-flow\" style=\"flex-basis:33.34%\">\n<p><\/p>\n\n\n\n<p>Neuorientierung<\/p>\n<\/div>\n\n\n\n<div class=\"wp-block-column is-layout-flow wp-block-column-is-layout-flow\" style=\"flex-basis:33.33%\">\n<p><\/p>\n\n\n\n<p>Trost &amp; Unterst\u00fctzung<\/p>\n<\/div>\n<\/div>\n\n\n\n<div class=\"wp-block-columns is-layout-flex wp-container-core-columns-is-layout-28f84493 wp-block-columns-is-layout-flex\">\n<div class=\"wp-block-column is-layout-flow wp-block-column-is-layout-flow\">\n<p><\/p>\n\n\n\n<p class=\"has-x-small-font-size\">Sie befinden sich in einer Umbruchsituation Ihres Lebens,                                               <\/p>\n\n\n\n<ul class=\"wp-block-list\">\n<li class=\"has-x-small-font-size\">in der Sie Unterst\u00fctzung suchen&nbsp;<\/li>\n\n\n\n<li class=\"has-x-small-font-size\">oder man hat Ihnen vielleicht dazu geraten<\/li>\n<\/ul>\n<\/div>\n\n\n\n<div class=\"wp-block-column is-layout-flow wp-block-column-is-layout-flow\">\n<p><\/p>\n\n\n\n<p class=\"has-x-small-font-size\">Sie suchen Unterst\u00fctzung darin,           <\/p>\n\n\n\n<ul class=\"has-x-small-font-size wp-block-list\">\n<li>Ihre \u00dcberlegungen zu sortieren,   <\/li>\n\n\n\n<li> sich unabh\u00e4ngig von einer pers\u00f6nlichen Beziehung auszutauschen,  <\/li>\n\n\n\n<li> fachliche Informationen umzusetzen,<\/li>\n<\/ul>\n<\/div>\n\n\n\n<div class=\"wp-block-column is-layout-flow wp-block-column-is-layout-flow\">\n<p><\/p>\n\n\n\n<p class=\"has-x-small-font-size\">Sie sind vielleicht in Trauer&nbsp;(ganz aktuell oder auch wieder)&nbsp;&nbsp;und suchen einen Weg, <\/p>\n\n\n\n<ul class=\"has-x-small-font-size wp-block-list\">\n<li>ihren Verlust in ein wieder begl\u00fcckendes Leben zu integrieren.   <\/li>\n\n\n\n<li> Oder Sie erleben gerade einen Trauerfall und w\u00fcnschen eine individuelle Trauerrede.    <\/li>\n\n\n\n<li> Informieren Sie sich zum Thema Trauer&nbsp; gerne auch unter:&nbsp; &nbsp; <a href=\"https:\/\/www.sonare-trauerbegleitung.de\">https:\/\/www.sonare-trauerbegleitung.de<\/a><\/li>\n<\/ul>\n<\/div>\n<\/div>\n\n\n\n<p><\/p>\n<\/div>\n\n\n\n<div class=\"wp-block-group alignfull has-white-color has-pale-ocean-gradient-background has-text-color has-background is-layout-constrained wp-container-core-group-is-layout-2b508e44 wp-block-group-is-layout-constrained\" style=\"margin-top:0px;padding-top:4vw;padding-right:4vw;padding-bottom:4vw;padding-left:4vw\">\n<h4 class=\"wp-block-heading has-text-align-left has-primary-color has-text-color\">Wir finden einen Weg<\/h4>\n\n\n\n<p class=\"has-primary-color has-text-color\">Sie bestimmen die Anzahl der Termine.                                                                                                    Manchmal braucht es nur ein oder zwei ordnende Gespr\u00e4che.<\/p>\n\n\n\n<figure class=\"wp-block-image size-large is-resized\"><img loading=\"lazy\" decoding=\"async\" src=\"https:\/\/klang-baesch.de\/wp-content\/uploads\/2023\/05\/25.Mai-078-4-1024x768.jpg\" alt=\"\" class=\"wp-image-114\" width=\"68\" height=\"51\" srcset=\"https:\/\/klang-baesch.de\/wp-content\/uploads\/2023\/05\/25.Mai-078-4-1024x768.jpg 1024w, https:\/\/klang-baesch.de\/wp-content\/uploads\/2023\/05\/25.Mai-078-4-300x225.jpg 300w, https:\/\/klang-baesch.de\/wp-content\/uploads\/2023\/05\/25.Mai-078-4-768x576.jpg 768w, https:\/\/klang-baesch.de\/wp-content\/uploads\/2023\/05\/25.Mai-078-4-1536x1152.jpg 1536w, https:\/\/klang-baesch.de\/wp-content\/uploads\/2023\/05\/25.Mai-078-4-1020x765.jpg 1020w, https:\/\/klang-baesch.de\/wp-content\/uploads\/2023\/05\/25.Mai-078-4.jpg 2048w\" sizes=\"auto, (max-width: 68px) 100vw, 68px\" \/><\/figure>\n<\/div>\n\n\n\n<div class=\"wp-block-group alignfull is-layout-constrained wp-block-group-is-layout-constrained\">\n<div class=\"wp-block-group alignfull has-white-color has-text-color has-background is-layout-constrained wp-container-core-group-is-layout-21409283 wp-block-group-is-layout-constrained\" style=\"background:linear-gradient(135deg,rgb(31,48,99) 14%,rgb(63,92,156) 51%,rgb(61,107,0) 99%);margin-top:0px;padding-top:4vw;padding-right:4vw;padding-bottom:4vw;padding-left:4vw\">\n<h6 class=\"wp-block-heading\">Termine nur nach vorheriger Vereinbarung<\/h6>\n\n\n\n<div class=\"wp-block-columns is-layout-flex wp-container-core-columns-is-layout-28f84493 wp-block-columns-is-layout-flex\">\n<div class=\"wp-block-column is-layout-flow wp-block-column-is-layout-flow\">\n<div class=\"wp-block-group is-layout-constrained wp-block-group-is-layout-constrained\">\n<p class=\"has-small-font-size\">02247-900 13 65<\/p>\n\n\n\n<p class=\"has-small-font-size\">sonare-baesch@t-online.de <\/p>\n<\/div>\n\n\n\n<ul class=\"wp-block-social-links has-small-icon-size has-icon-color is-style-logos-only is-layout-flex wp-container-core-social-links-is-layout-41ae6d3b wp-block-social-links-is-layout-flex\" style=\"margin-top:8px\"><li style=\"color:#000000;\" class=\"wp-social-link wp-social-link-mail has-black-color wp-block-social-link\"><a href=\"mailto:%20sonare-baesch@t-online.de\" class=\"wp-block-social-link-anchor\"><svg width=\"24\" height=\"24\" viewBox=\"0 0 24 24\" version=\"1.1\" xmlns=\"http:\/\/www.w3.org\/2000\/svg\" aria-hidden=\"true\" focusable=\"false\"><path d=\"M19,5H5c-1.1,0-2,.9-2,2v10c0,1.1.9,2,2,2h14c1.1,0,2-.9,2-2V7c0-1.1-.9-2-2-2zm.5,12c0,.3-.2.5-.5.5H5c-.3,0-.5-.2-.5-.5V9.8l7.5,5.6,7.5-5.6V17zm0-9.1L12,13.6,4.5,7.9V7c0-.3.2-.5.5-.5h14c.3,0,.5.2.5.5v.9z\"><\/path><\/svg><span class=\"wp-block-social-link-label screen-reader-text\">E-Mail<\/span><\/a><\/li><\/ul>\n\n\n\n<div class=\"wp-block-group is-layout-constrained wp-block-group-is-layout-constrained\">\n<div class=\"wp-block-columns is-layout-flex wp-container-core-columns-is-layout-28f84493 wp-block-columns-is-layout-flex\">\n<div class=\"wp-block-column is-layout-flow wp-block-column-is-layout-flow\">\n<figure class=\"wp-block-image size-full is-resized\"><img decoding=\"async\" src=\"https:\/\/klang-baesch.de\/wp-content\/uploads\/2023\/05\/Unbenannt-IV-6.png\" alt=\"\" class=\"wp-image-215\" width=\"-194\" height=\"-319\" srcset=\"https:\/\/klang-baesch.de\/wp-content\/uploads\/2023\/05\/Unbenannt-IV-6.png 203w, https:\/\/klang-baesch.de\/wp-content\/uploads\/2023\/05\/Unbenannt-IV-6-183x300.png 183w\" sizes=\"(max-width: 203px) 100vw, 203px\" \/><figcaption class=\"wp-element-caption\">Elisabeth B\u00e4sch, Leitung Sonare<\/figcaption><\/figure>\n<\/div>\n\n\n\n<div class=\"wp-block-column is-layout-flow wp-block-column-is-layout-flow\">\n<p class=\"has-x-small-font-size\">Qualifikation: <strong>Entspannungstherapeutin<\/strong>                                       <\/p>\n\n\n\n<p class=\"has-tiny-font-size\">Dipl.Sozialp\u00e4dagogin, FH K\u00f6ln, Trauerbegleiterin, BVT, Traumaberaterin, Dipt. Uni K\u00f6ln<\/p>\n<\/div>\n<\/div>\n\n\n\n<p><\/p>\n<\/div>\n<\/div>\n<\/div>\n<\/div>\n<\/div>\n\n\n\n<div class=\"wp-block-group alignfull has-white-color has-secondary-background-color has-text-color has-background has-medium-font-size is-layout-constrained wp-container-core-group-is-layout-2b508e44 wp-block-group-is-layout-constrained\" style=\"margin-top:0px;padding-top:4vw;padding-right:4vw;padding-bottom:4vw;padding-left:4vw\">\n<h5 class=\"wp-block-heading\">Preise <\/h5>\n\n\n\n<p class=\"has-white-color has-secondary-background-color has-text-color has-background\"><strong>Einzelsitzungen: <\/strong><\/p>\n\n\n\n<p class=\"has-small-font-size\">Krisenbegleitung \/ Trauerbegleitung                                                         35,- \u20ac \/ Std.<\/p>\n\n\n\n<p class=\"has-small-font-size\">Klangschalenentspannung \/ Reiki                                                                35,-\u20ac \/ Std. <\/p>\n\n\n\n<p class=\"has-small-font-size\">Geschenkgutscheine zu allen Gelegenheiten hier erh\u00e4ltlich     35,- \u20ac \/ Std. <\/p>\n\n\n\n<p class=\"has-white-color has-secondary-background-color has-text-color has-background\"><strong>Gruppenpreise<\/strong>: <\/p>\n\n\n\n<p class=\"has-small-font-size\">AT und Resilienz bei 8 Terminen (je 1,5 Std.)                                         95,- \u20ac \/ Kurs                  PMR  bei 10 Terminen (je 1Std.)                                                                      75,- \u20ac \/ Kurs<\/p>\n\n\n\n<p class=\"has-tiny-font-size\">Ich bin bei den Krankenkassen zertifiziert f\u00fcr meine Gruppenangebote,                               Sie k\u00f6nnen vor Teilnahme einen Zuschuss bei Ihrer KK beantragen. <\/p>\n\n\n\n<p><\/p>\n\n\n\n<p><\/p>\n\n\n\n<p class=\"has-medium-font-size\"><strong>    Individuelle Trauerrede: <\/strong><\/p>\n\n\n\n<p class=\"has-small-font-size\">Gestaltung nach Ihren Bed\u00fcrfnissen, Preis auf Anfrage<\/p>\n\n\n\n<div class=\"wp-block-buttons is-content-justification-center is-layout-flex wp-container-core-buttons-is-layout-a89b3969 wp-block-buttons-is-layout-flex\">\n<div class=\"wp-block-button\"><a class=\"wp-block-button__link wp-element-button\" href=\"tel:022479001365\">Telefon: 02247-900 13 65<\/a><\/div>\n\n\n\n<div class=\"wp-block-button is-style-fill\"><a class=\"wp-block-button__link has-white-color has-text-color wp-element-button\" href=\"mailto:sonare-baesch@t-online.de\">E-Mail: sonare-baesch@t-online.de<\/a><\/div>\n<\/div>\n<\/div>\n\n\n\n<div class=\"wp-block-buttons is-layout-flex wp-block-buttons-is-layout-flex\"><\/div>\n\n\n\n<p><\/p>\n","protected":false},"excerpt":{"rendered":"<p>Ver\u00e4nderung Neuorientierung Trost &amp; Unterst\u00fctzung Sie befinden sich in einer Umbruchsituation Ihres Lebens, Sie suchen Unterst\u00fctzung darin, Sie sind vielleicht in Trauer&nbsp;(ganz aktuell oder auch wieder)&nbsp;&nbsp;und suchen einen Weg, Wir finden einen Weg Sie bestimmen die Anzahl der Termine. Manchmal braucht es [&hellip;]<\/p>\n","protected":false},"author":1,"featured_media":0,"parent":0,"menu_order":4,"comment_status":"closed","ping_status":"closed","template":"","meta":{"footnotes":""},"class_list":["post-72","page","type-page","status-publish","hentry"],"_links":{"self":[{"href":"https:\/\/klang-baesch.de\/index.php?rest_route=\/wp\/v2\/pages\/72","targetHints":{"allow":["GET"]}}],"collection":[{"href":"https:\/\/klang-baesch.de\/index.php?rest_route=\/wp\/v2\/pages"}],"about":[{"href":"https:\/\/klang-baesch.de\/index.php?rest_route=\/wp\/v2\/types\/page"}],"author":[{"embeddable":true,"href":"https:\/\/klang-baesch.de\/index.php?rest_route=\/wp\/v2\/users\/1"}],"replies":[{"embeddable":true,"href":"https:\/\/klang-baesch.de\/index.php?rest_route=%2Fwp%2Fv2%2Fcomments&post=72"}],"version-history":[{"count":48,"href":"https:\/\/klang-baesch.de\/index.php?rest_route=\/wp\/v2\/pages\/72\/revisions"}],"predecessor-version":[{"id":354,"href":"https:\/\/klang-baesch.de\/index.php?rest_route=\/wp\/v2\/pages\/72\/revisions\/354"}],"wp:attachment":[{"href":"https:\/\/klang-baesch.de\/index.php?rest_route=%2Fwp%2Fv2%2Fmedia&parent=72"}],"curies":[{"name":"wp","href":"https:\/\/api.w.org\/{rel}","templated":true}]}}